{"id":1771,"date":"2023-12-27T15:11:32","date_gmt":"2023-12-27T14:11:32","guid":{"rendered":"https:\/\/ateliersdelporte.com\/?page_id=1771"},"modified":"2026-04-13T21:40:39","modified_gmt":"2026-04-13T19:40:39","slug":"accueil","status":"publish","type":"page","link":"https:\/\/ateliersdelporte.com\/","title":{"rendered":"Accueil"},"content":{"rendered":"\t\t<div data-elementor-type=\"wp-page\" data-elementor-id=\"1771\" class=\"elementor elementor-1771\">\n\t\t\t\t\t\t<section class=\"elementor-section elementor-top-section elementor-element elementor-element-9e71732 elementor-section-full_width elementor-section-height-default elementor-section-height-default\" data-id=\"9e71732\" data-element_type=\"section\">\n\t\t\t\t\t\t<div class=\"elementor-container elementor-column-gap-no\">\n\t\t\t\t\t<div class=\"elementor-column elementor-col-100 elementor-top-column elementor-element elementor-element-4e53e4e\" data-id=\"4e53e4e\" data-element_type=\"column\">\n\t\t\t<div class=\"elementor-widget-wrap elementor-element-populated\">\n\t\t\t\t\t\t<div class=\"elementor-element elementor-element-7d8b2ff elementor-widget elementor-widget-hos-hero-video-slider-id\" data-id=\"7d8b2ff\" data-element_type=\"widget\" data-widget_type=\"hos-hero-video-slider-id.default\">\n\t\t\t\t<div class=\"elementor-widget-container\">\n\t\t\t\t\t    <div class=\"main-slider-two\">\r\n\t\t<div class=\"auto-container\">\r\n            <video autoplay=\"\" loop=\"\" muted=\"\" width=\"100%\" height=\"100%\" poster=\"https:\/\/themexriver.com\/wp\/constim\/wp-content\/uploads\/2022\/12\/2.jpg\">\r\n                \t\t\t\t    <source type=\"video\/mp4\" src=\"https:\/\/ateliersdelporte.com\/wp-content\/uploads\/2024\/05\/20171213_142152.mp4\">\r\n                \t\t\t<\/video>\r\n\t\t\t<div class=\"row clearfix\">\r\n\t\t\t\t\r\n\t\t\t\t<!-- Content Column -->\r\n\t\t\t\t<div class=\"content-column col-lg-7 col-md-12 col-sm-12\">\r\n\t\t\t\t\t<div class=\"inner-column\">\r\n                        \t\t\t\t\t\t<div class=\"title\">Ateliers Delporte<\/div>\r\n                        \t\t\t\t\t\t<h1>Votre partenaire de confiance en m\u00e9canique de pr\u00e9cision<\/h1>\r\n\t\t\t\t\t\t<div class=\"text\"><\/div>\r\n\t\t\t\t\t\t<!-- Button Box -->\r\n                        \t\t\t\t\t\t<div class=\"button-box\">\r\n\t\t\t\t\t\t\t<a class=\"btn-style-one theme-btn btn-item\" href=\"https:\/\/ateliersdelporte.com\/index.php\/nos-services\/\">\r\n\t\t\t\t\t\t\t\t<div class=\"btn-wrap\">\r\n\t\t\t\t\t\t\t\t\t<span class=\"text-one\">Nos services<\/span>\r\n\t\t\t\t\t\t\t\t\t<span class=\"text-two\">Nos services<\/span>\r\n\t\t\t\t\t\t\t\t<\/div>\r\n\t\t\t\t\t\t\t\t<i class=\"arrow\"><img decoding=\"async\" src=\"https:\/\/themexriver.com\/wp\/constim\/wp-content\/uploads\/2022\/12\/down-arrow-2.png\" alt=\"\" \/><\/i>\r\n\t\t\t\t\t\t\t<\/a>\r\n\t\t\t\t\t\t<\/div>\r\n                        \t\t\t\t\t<\/div>\r\n\t\t\t\t<\/div>\r\n\t\t\t\t\r\n\t\t\t<\/div>\r\n\t\t<\/div>\r\n\t<\/div>\r\n    \t\t\t\t<\/div>\n\t\t\t\t<\/div>\n\t\t\t\t\t<\/div>\n\t\t<\/div>\n\t\t\t\t\t<\/div>\n\t\t<\/section>\n\t\t\t\t<section class=\"elementor-section elementor-top-section elementor-element elementor-element-2c2b987 elementor-section-full_width elementor-section-height-default elementor-section-height-default\" data-id=\"2c2b987\" data-element_type=\"section\" data-settings=\"{&quot;background_background&quot;:&quot;classic&quot;}\">\n\t\t\t\t\t\t<div class=\"elementor-container elementor-column-gap-default\">\n\t\t\t\t\t<div class=\"elementor-column elementor-col-100 elementor-top-column elementor-element elementor-element-cc3cbf9\" data-id=\"cc3cbf9\" data-element_type=\"column\">\n\t\t\t<div class=\"elementor-widget-wrap elementor-element-populated\">\n\t\t\t\t\t\t<div class=\"elementor-element elementor-element-d3b98c6 elementor-widget elementor-widget-hos-about-info-id\" data-id=\"d3b98c6\" data-element_type=\"widget\" data-widget_type=\"hos-about-info-id.default\">\n\t\t\t\t<div class=\"elementor-widget-container\">\n\t\t\t\t\t    <section class=\"management-section\" style=\"background-image: url(https:\/\/themexriver.com\/wp\/constim\/wp-content\/uploads\/2022\/12\/pattern-1.png)\">\r\n\t\t<div class=\"auto-container\">\r\n\t\t\t<div class=\"row clearfix align-items-center\">\r\n\t\t\t\t<!-- Image Column -->\r\n\t\t\t\t<div class=\"image-column col-lg-6 col-md-12 col-sm-12\">\r\n\t\t\t\t\t<div class=\"inner-column\">\r\n\t\t\t\t\t\t<div class=\"image wow fadeInLeft\" data-wow-delay=\"0ms\" data-wow-duration=\"1500ms\">\r\n\t\t\t\t\t\t\t<img decoding=\"async\" src=\"https:\/\/ateliersdelporte.com\/wp-content\/uploads\/2024\/03\/deruder.jpg\" alt=\"\" \/>\r\n\t\t\t\t\t\t<\/div>\r\n\t\t\t\t\t<\/div>\r\n\t\t\t\t<\/div>\r\n\t\t\t\t<!-- Content Column -->\r\n\t\t\t\t<div class=\"content-column col-lg-6 col-md-12 col-sm-12\">\r\n\t\t\t\t\t<div class=\"inner-column\">\r\n\t\t\t\t\t\t\t\t\t\t\t\t\t<h2>Votre partenaire de confiance en m\u00e9canique de pr\u00e9cision<\/h2>\r\n\t\t\t\t\t\t\t\t\t\t\t\t<div class=\"text\">Depuis 1932, Les Ateliers Delporte se distinguent en tant que sp\u00e9cialistes de la m\u00e9canique g\u00e9n\u00e9rale de pr\u00e9cision, offrant des services exceptionnels aux entreprises, PME, et au secteur public. Notre \u00e9quipe hautement qualifi\u00e9e et notre parc de machines performant font de nous le choix id\u00e9al pour r\u00e9pondre aux exigences vari\u00e9es de secteurs divers.<\/div>\r\n\t\t\t\t\t\t<div class=\"row clearfix\">\r\n\r\n\t\t\t\t\t\t\t<!-- Counter Column -->\r\n\t\t\t\t\t\t\t\t\t\t\t\t\t\t<div class=\"counter-block col-lg-5 col-md-6 col-sm-12\">\r\n\t\t\t\t\t\t\t\t<div class=\"inner-box title-anim\">\r\n\t\t\t\t\t\t\t\t\t<div class=\"counter\">+<span class=\"odometer\" data-count=\"91\"><\/span><\/div>\r\n\t\t\t\t\t\t\t\t\t<h6>Ann\u00e9es d&#039;exp\u00e9rience<\/h6>\r\n\t\t\t\t\t\t\t\t<\/div>\r\n\t\t\t\t\t\t\t<\/div>\r\n\t\t\t\t\t\t\t\t\t\t\t\t\t<\/div>\r\n\t\t\t\t\t\t\t\t\t\t\t\t<!-- Lower Box -->\r\n\t\t\t\t\t\t<div class=\"lower-box d-flex align-items-center\">\r\n\t\t\t\t\t\t\t<ul class=\"member-list d-flex\">\r\n\t\t\t\t\t\t\t\t\r\n\t\t\t\t\t\t\t\t\r\n\t\t\t\t\t\t\t\t\r\n\t\t\t\t\t\t\t<\/ul>\r\n\t\t\t\t\t\t\t\t\t\t\t\t\t<\/div>\r\n\t\t\t\t\t\t\r\n\t\t\t\t\t<\/div>\r\n\t\t\t\t<\/div>\r\n\t\t\t<\/div>\r\n\t\t<\/div>\r\n\t<\/section>\r\n    \t\t\t\t<\/div>\n\t\t\t\t<\/div>\n\t\t\t\t\t<\/div>\n\t\t<\/div>\n\t\t\t\t\t<\/div>\n\t\t<\/section>\n\t\t\t\t<section class=\"elementor-section elementor-top-section elementor-element elementor-element-c6e34e7 elementor-section-full_width elementor-section-height-default elementor-section-height-default\" data-id=\"c6e34e7\" data-element_type=\"section\">\n\t\t\t\t\t\t<div class=\"elementor-container elementor-column-gap-no\">\n\t\t\t\t\t<div class=\"elementor-column elementor-col-100 elementor-top-column elementor-element elementor-element-665d1ee\" data-id=\"665d1ee\" data-element_type=\"column\">\n\t\t\t<div class=\"elementor-widget-wrap elementor-element-populated\">\n\t\t\t\t\t\t<div class=\"elementor-element elementor-element-10ab8f6 elementor-widget elementor-widget-hos-services-3-id\" data-id=\"10ab8f6\" data-element_type=\"widget\" data-widget_type=\"hos-services-3-id.default\">\n\t\t\t\t<div class=\"elementor-widget-container\">\n\t\t\t\t\t    <section class=\"solution-section-two\">\r\n\t\t<div class=\"auto-container\">\r\n\t\t\t<!-- Sec Title -->\r\n\t\t\t<div class=\"sec-title\">\r\n                <div class=\"d-flex justify-content-between align-items-center\">\r\n                    <!-- Left Box -->\r\n                    <div class=\"left-box\">\r\n                                                    <div class=\"big-title\">Nos services<\/div>\r\n                                                                            <h2>Nos <span>services<\/span><\/h2>\r\n                                                                    <\/div>\r\n                    <!-- Right Box -->\r\n                    <div class=\"right-box\">\r\n                        <div class=\"text\">Notre gamme compl\u00e8te de sp\u00e9cialit\u00e9s m\u00e9caniques comprend :<\/div>\r\n                    <\/div>\r\n                <\/div>\r\n            <\/div>\r\n\t\t\t<div class=\"inner-container\">\r\n\t\t\t\t<div class=\"clearfix\">\r\n\t\t\t\t\t\r\n\t\t\t\t\t<!-- Service Block -->\r\n                    \t\t\t\t\t<div class=\"service-block_four col-lg-4 col-md-6 col-sm-12\">\r\n\t\t\t\t\t\t<div class=\"service-four_inner-box\">\r\n\t\t\t\t\t\t\t<div class=\"service-four_icon\">\r\n\t\t\t\t\t\t\t\t<img fetchpriority=\"high\" decoding=\"async\" width=\"512\" height=\"512\" src=\"https:\/\/ateliersdelporte.com\/wp-content\/uploads\/2023\/01\/2.svg\" class=\"attachment-full size-full wp-image-1624\" alt=\"\" \/>\t\t\t\t\t\t\t<\/div>\r\n                            \t\t\t\t\t\t\t    <div class=\"service-four_title\">Services<\/div>\r\n                                                        \t\t\t\t\t\t\t    <h4 class=\"service-four_heading\"><a href=\"https:\/\/ateliersdelporte.com\/index.php\/nos-services\/\">Al\u00e9sage<\/a><\/h4>\r\n                            \t\t\t\t\t\t<\/div>\r\n\t\t\t\t\t<\/div>\r\n\t\t\t\t\t\t\t\t\t\t<div class=\"service-block_four col-lg-4 col-md-6 col-sm-12\">\r\n\t\t\t\t\t\t<div class=\"service-four_inner-box\">\r\n\t\t\t\t\t\t\t<div class=\"service-four_icon\">\r\n\t\t\t\t\t\t\t\t<img fetchpriority=\"high\" decoding=\"async\" width=\"512\" height=\"512\" src=\"https:\/\/ateliersdelporte.com\/wp-content\/uploads\/2023\/01\/2.svg\" class=\"attachment-full size-full wp-image-1624\" alt=\"\" \/>\t\t\t\t\t\t\t<\/div>\r\n                            \t\t\t\t\t\t\t    <div class=\"service-four_title\">Services<\/div>\r\n                                                        \t\t\t\t\t\t\t    <h4 class=\"service-four_heading\"><a href=\"https:\/\/ateliersdelporte.com\/index.php\/nos-services\/\">Per\u00e7age<\/a><\/h4>\r\n                            \t\t\t\t\t\t<\/div>\r\n\t\t\t\t\t<\/div>\r\n\t\t\t\t\t\t\t\t\t\t<div class=\"service-block_four col-lg-4 col-md-6 col-sm-12\">\r\n\t\t\t\t\t\t<div class=\"service-four_inner-box\">\r\n\t\t\t\t\t\t\t<div class=\"service-four_icon\">\r\n\t\t\t\t\t\t\t\t<img fetchpriority=\"high\" decoding=\"async\" width=\"512\" height=\"512\" src=\"https:\/\/ateliersdelporte.com\/wp-content\/uploads\/2023\/01\/2.svg\" class=\"attachment-full size-full wp-image-1624\" alt=\"\" \/>\t\t\t\t\t\t\t<\/div>\r\n                            \t\t\t\t\t\t\t    <div class=\"service-four_title\">Services<\/div>\r\n                                                        \t\t\t\t\t\t\t    <h4 class=\"service-four_heading\"><a href=\"https:\/\/ateliersdelporte.com\/index.php\/nos-services\/\">Forage<\/a><\/h4>\r\n                            \t\t\t\t\t\t<\/div>\r\n\t\t\t\t\t<\/div>\r\n\t\t\t\t\t\t\t\t\t\t<div class=\"service-block_four col-lg-4 col-md-6 col-sm-12\">\r\n\t\t\t\t\t\t<div class=\"service-four_inner-box\">\r\n\t\t\t\t\t\t\t<div class=\"service-four_icon\">\r\n\t\t\t\t\t\t\t\t<img fetchpriority=\"high\" decoding=\"async\" width=\"512\" height=\"512\" src=\"https:\/\/ateliersdelporte.com\/wp-content\/uploads\/2023\/01\/2.svg\" class=\"attachment-full size-full wp-image-1624\" alt=\"\" \/>\t\t\t\t\t\t\t<\/div>\r\n                            \t\t\t\t\t\t\t    <div class=\"service-four_title\">Services<\/div>\r\n                                                        \t\t\t\t\t\t\t    <h4 class=\"service-four_heading\"><a href=\"https:\/\/ateliersdelporte.com\/index.php\/nos-services\/\">Tournage et fraisage<\/a><\/h4>\r\n                            \t\t\t\t\t\t<\/div>\r\n\t\t\t\t\t<\/div>\r\n\t\t\t\t\t\t\t\t\t\t<div class=\"service-block_four col-lg-4 col-md-6 col-sm-12\">\r\n\t\t\t\t\t\t<div class=\"service-four_inner-box\">\r\n\t\t\t\t\t\t\t<div class=\"service-four_icon\">\r\n\t\t\t\t\t\t\t\t<img fetchpriority=\"high\" decoding=\"async\" width=\"512\" height=\"512\" src=\"https:\/\/ateliersdelporte.com\/wp-content\/uploads\/2023\/01\/2.svg\" class=\"attachment-full size-full wp-image-1624\" alt=\"\" \/>\t\t\t\t\t\t\t<\/div>\r\n                            \t\t\t\t\t\t\t    <div class=\"service-four_title\">Services<\/div>\r\n                                                        \t\t\t\t\t\t\t    <h4 class=\"service-four_heading\"><a href=\"https:\/\/ateliersdelporte.com\/index.php\/nos-services\/\">Centres d'usinage <\/a><\/h4>\r\n                            \t\t\t\t\t\t<\/div>\r\n\t\t\t\t\t<\/div>\r\n\t\t\t\t\t\t\t\t\t\t<div class=\"service-block_four col-lg-4 col-md-6 col-sm-12\">\r\n\t\t\t\t\t\t<div class=\"service-four_inner-box\">\r\n\t\t\t\t\t\t\t<div class=\"service-four_icon\">\r\n\t\t\t\t\t\t\t\t<img fetchpriority=\"high\" decoding=\"async\" width=\"512\" height=\"512\" src=\"https:\/\/ateliersdelporte.com\/wp-content\/uploads\/2023\/01\/2.svg\" class=\"attachment-full size-full wp-image-1624\" alt=\"\" \/>\t\t\t\t\t\t\t<\/div>\r\n                            \t\t\t\t\t\t\t    <div class=\"service-four_title\">Services<\/div>\r\n                                                        \t\t\t\t\t\t\t    <h4 class=\"service-four_heading\"><a href=\"https:\/\/ateliersdelporte.com\/index.php\/nos-services\/\">Rainurage <\/a><\/h4>\r\n                            \t\t\t\t\t\t<\/div>\r\n\t\t\t\t\t<\/div>\r\n\t\t\t\t\t\t\t\t\t\t<div class=\"service-block_four col-lg-4 col-md-6 col-sm-12\">\r\n\t\t\t\t\t\t<div class=\"service-four_inner-box\">\r\n\t\t\t\t\t\t\t<div class=\"service-four_icon\">\r\n\t\t\t\t\t\t\t\t<img fetchpriority=\"high\" decoding=\"async\" width=\"512\" height=\"512\" src=\"https:\/\/ateliersdelporte.com\/wp-content\/uploads\/2023\/01\/2.svg\" class=\"attachment-full size-full wp-image-1624\" alt=\"\" \/>\t\t\t\t\t\t\t<\/div>\r\n                            \t\t\t\t\t\t\t    <div class=\"service-four_title\">Services<\/div>\r\n                                                        \t\t\t\t\t\t\t    <h4 class=\"service-four_heading\"><a href=\"https:\/\/ateliersdelporte.com\/index.php\/nos-services\/\">Soudure <\/a><\/h4>\r\n                            \t\t\t\t\t\t<\/div>\r\n\t\t\t\t\t<\/div>\r\n\t\t\t\t\t\t\t\t\t\t<div class=\"service-block_four col-lg-4 col-md-6 col-sm-12\">\r\n\t\t\t\t\t\t<div class=\"service-four_inner-box\">\r\n\t\t\t\t\t\t\t<div class=\"service-four_icon\">\r\n\t\t\t\t\t\t\t\t<img fetchpriority=\"high\" decoding=\"async\" width=\"512\" height=\"512\" src=\"https:\/\/ateliersdelporte.com\/wp-content\/uploads\/2023\/01\/2.svg\" class=\"attachment-full size-full wp-image-1624\" alt=\"\" \/>\t\t\t\t\t\t\t<\/div>\r\n                            \t\t\t\t\t\t\t    <div class=\"service-four_title\">Services<\/div>\r\n                                                        \t\t\t\t\t\t\t    <h4 class=\"service-four_heading\"><a href=\"https:\/\/ateliersdelporte.com\/index.php\/nos-services\/\">M\u00e9cano-soudure<\/a><\/h4>\r\n                            \t\t\t\t\t\t<\/div>\r\n\t\t\t\t\t<\/div>\r\n\t\t\t\t\t\t\t\t\t\t<div class=\"service-block_four col-lg-4 col-md-6 col-sm-12\">\r\n\t\t\t\t\t\t<div class=\"service-four_inner-box\">\r\n\t\t\t\t\t\t\t<div class=\"service-four_icon\">\r\n\t\t\t\t\t\t\t\t<img fetchpriority=\"high\" decoding=\"async\" width=\"512\" height=\"512\" src=\"https:\/\/ateliersdelporte.com\/wp-content\/uploads\/2023\/01\/2.svg\" class=\"attachment-full size-full wp-image-1624\" alt=\"\" \/>\t\t\t\t\t\t\t<\/div>\r\n                            \t\t\t\t\t\t\t    <div class=\"service-four_title\">Services<\/div>\r\n                                                        \t\t\t\t\t\t\t    <h4 class=\"service-four_heading\"><a href=\"https:\/\/ateliersdelporte.com\/index.php\/nos-services\/\">Maintenance industrielle<\/a><\/h4>\r\n                            \t\t\t\t\t\t<\/div>\r\n\t\t\t\t\t<\/div>\r\n\t\t\t\t\t\t\t\t\t<\/div>\r\n\t\t\t<\/div>\r\n\t\t<\/div>\r\n\t<\/section>\r\n    \t\t\t\t<\/div>\n\t\t\t\t<\/div>\n\t\t\t\t\t<\/div>\n\t\t<\/div>\n\t\t\t\t\t<\/div>\n\t\t<\/section>\n\t\t\t\t<section class=\"elementor-section elementor-top-section elementor-element elementor-element-7c96db7 elementor-section-full_width elementor-section-height-default elementor-section-height-default\" data-id=\"7c96db7\" data-element_type=\"section\">\n\t\t\t\t\t\t<div class=\"elementor-container elementor-column-gap-no\">\n\t\t\t\t\t<div class=\"elementor-column elementor-col-100 elementor-top-column elementor-element elementor-element-6e861f5\" data-id=\"6e861f5\" data-element_type=\"column\">\n\t\t\t<div class=\"elementor-widget-wrap elementor-element-populated\">\n\t\t\t\t\t\t<div class=\"elementor-element elementor-element-a350f26 elementor-widget elementor-widget-hos-contact-infos-id\" data-id=\"a350f26\" data-element_type=\"widget\" data-widget_type=\"hos-contact-infos-id.default\">\n\t\t\t\t<div class=\"elementor-widget-container\">\n\t\t\t\t\t    <section class=\"contact-info-section\">\r\n\t\t<div class=\"auto-container\">\r\n\t\t\t\r\n\t\t\t<!-- Title Box -->\r\n\t\t\t<div class=\"title-box text-center\">\r\n                \t\t\t\t<h5>Contactez-nous<\/h5>\r\n\t\t\t<\/div>\r\n\t\t\t\r\n\t\t\t<div class=\"inner-container\">\r\n                \t\t\t\t<ul class=\"info\">\r\n                    \t\t\t\t\t    <li><a href=\"tel:http:\/\/+32(0)69%2022%2018%2016\">+32(0)69 22 18 16<\/a><\/li>\r\n                                        \t\t\t\t\t    <li><a href=\"mailto:http:\/\/info@ateliersdelporte.com\">info@ateliersdelporte.com<\/a><\/li>\r\n                    \t\t\t\t<\/ul>\r\n\t\t\t\t<!-- Sec Title -->\r\n\t\t\t\t<div class=\"sec-title centered\">\r\n                    \t\t\t\t\t    <div class=\"big-title title-anim\">Contact<\/div>\r\n                                        \t\t\t\t\t    <h2 class=\"title-anim\">Envoyer un <span>message<\/span><\/h2>\r\n                                        \t\t\t\t\t<div class=\"arrow title-anim\"><img decoding=\"async\" src=\"https:\/\/themexriver.com\/wp\/constim\/wp-content\/uploads\/2022\/12\/arrow-down.png\" alt=\"\" \/><\/div>\r\n                    \t\t\t\t<\/div>\r\n\t\t\t<\/div>\r\n\t\t<\/div>\r\n\t<\/section>\r\n    \t\t\t\t<\/div>\n\t\t\t\t<\/div>\n\t\t\t\t\t<\/div>\n\t\t<\/div>\n\t\t\t\t\t<\/div>\n\t\t<\/section>\n\t\t\t\t<section class=\"elementor-section elementor-top-section elementor-element elementor-element-1b9db66 elementor-section-full_width elementor-section-height-default elementor-section-height-default\" data-id=\"1b9db66\" data-element_type=\"section\">\n\t\t\t\t\t\t<div class=\"elementor-container elementor-column-gap-no\">\n\t\t\t\t\t<div class=\"elementor-column elementor-col-100 elementor-top-column elementor-element elementor-element-164dd6e\" data-id=\"164dd6e\" data-element_type=\"column\">\n\t\t\t<div class=\"elementor-widget-wrap elementor-element-populated\">\n\t\t\t\t\t\t<div class=\"elementor-element elementor-element-0ad6c67 elementor-widget elementor-widget-hos-fnf-three-counter-id\" data-id=\"0ad6c67\" data-element_type=\"widget\" data-widget_type=\"hos-fnf-three-counter-id.default\">\n\t\t\t\t<div class=\"elementor-widget-container\">\n\t\t\t\t\t    <section class=\"counter-section-three\">\r\n\t\t<div class=\"auto-container\">\r\n\t\t\t<div class=\"row clearfix\">\r\n\t\t\t\t<!-- Counter Column -->\r\n\t\t\t\t<div class=\"counter-column col-lg-7 col-md-12 col-sm-12\">\r\n\t\t\t\t\t<div class=\"inner-column\">\r\n\t\t\t\t\t\t<div class=\"row clearfix\">\r\n\t\t\t\t\r\n\t\t\t\t\t\t\t<!-- Counter Column -->\r\n                            \t\t\t\t\t\t\t<div class=\"counter-block col-lg-4 col-md-6 col-sm-6\">\r\n\t\t\t\t\t\t\t\t<div class=\"inner-box title-anim\">\r\n\t\t\t\t\t\t\t\t\t<div class=\"counter\"><span class=\"odometer\" data-count=\"91\"><\/span><\/div>\r\n\t\t\t\t\t\t\t\t\t<div class=\"counter-text\">Ans d&#039;exp\u00e9rience<\/div>\r\n\t\t\t\t\t\t\t\t<\/div>\r\n\t\t\t\t\t\t\t<\/div>\r\n\t\t\t\t\t\t\t\t\t\t\t\t\t\t<div class=\"counter-block col-lg-4 col-md-6 col-sm-6\">\r\n\t\t\t\t\t\t\t\t<div class=\"inner-box title-anim\">\r\n\t\t\t\t\t\t\t\t\t<div class=\"counter\"><span class=\"odometer\" data-count=\"13\"><\/span>+<\/div>\r\n\t\t\t\t\t\t\t\t\t<div class=\"counter-text\">Secteurs d&#039;activit\u00e9s<\/div>\r\n\t\t\t\t\t\t\t\t<\/div>\r\n\t\t\t\t\t\t\t<\/div>\r\n\t\t\t\t\t\t\t\t\t\t\t\t\t\t<div class=\"counter-block col-lg-4 col-md-6 col-sm-6\">\r\n\t\t\t\t\t\t\t\t<div class=\"inner-box title-anim\">\r\n\t\t\t\t\t\t\t\t\t<div class=\"counter\"><span class=\"odometer\" data-count=\"7\"><\/span>+<\/div>\r\n\t\t\t\t\t\t\t\t\t<div class=\"counter-text\">Services<\/div>\r\n\t\t\t\t\t\t\t\t<\/div>\r\n\t\t\t\t\t\t\t<\/div>\r\n\t\t\t\t\t\t\t\t\t\t\t\t\t<\/div>\r\n\t\t\t\t\t<\/div>\r\n\t\t\t\t<\/div>\r\n\t\t\t\t<!-- Title Column -->\r\n                \t\t\t\t<div class=\"title-column col-lg-5 col-md-12 col-sm-12\">\r\n\t\t\t\t\t<div class=\"inner-column\">\r\n\t\t\t\t\t\t<div class=\"title\">Ateliers <span>Delporte<\/span><\/div>\r\n\t\t\t\t\t<\/div>\r\n\t\t\t\t<\/div>\r\n                \t\t\t<\/div>\r\n\t\t<\/div>\r\n\t<\/section>\r\n    \t\t\t\t<\/div>\n\t\t\t\t<\/div>\n\t\t\t\t\t<\/div>\n\t\t<\/div>\n\t\t\t\t\t<\/div>\n\t\t<\/section>\n\t\t\t\t<\/div>\n\t\t","protected":false},"excerpt":{"rendered":"<p>Ateliers Delporte Votre partenaire de confiance en m\u00e9canique de pr\u00e9cision Nos services Nos services Votre partenaire de confiance en m\u00e9canique de pr\u00e9cision Depuis 1932, Les Ateliers Delporte se distinguent en tant que sp\u00e9cialistes de la m\u00e9canique g\u00e9n\u00e9rale de pr\u00e9cision, offrant des services exceptionnels aux entreprises, PME, et au secteur public. Notre \u00e9quipe hautement qualifi\u00e9e et [&hellip;]<\/p>\n","protected":false},"author":2,"featured_media":0,"parent":0,"menu_order":0,"comment_status":"closed","ping_status":"closed","template":"constim-template.php","meta":{"inline_featured_image":false,"footnotes":""},"_links":{"self":[{"href":"https:\/\/ateliersdelporte.com\/index.php\/wp-json\/wp\/v2\/pages\/1771"}],"collection":[{"href":"https:\/\/ateliersdelporte.com\/index.php\/wp-json\/wp\/v2\/pages"}],"about":[{"href":"https:\/\/ateliersdelporte.com\/index.php\/wp-json\/wp\/v2\/types\/page"}],"author":[{"embeddable":true,"href":"https:\/\/ateliersdelporte.com\/index.php\/wp-json\/wp\/v2\/users\/2"}],"replies":[{"embeddable":true,"href":"https:\/\/ateliersdelporte.com\/index.php\/wp-json\/wp\/v2\/comments?post=1771"}],"version-history":[{"count":76,"href":"https:\/\/ateliersdelporte.com\/index.php\/wp-json\/wp\/v2\/pages\/1771\/revisions"}],"predecessor-version":[{"id":2171,"href":"https:\/\/ateliersdelporte.com\/index.php\/wp-json\/wp\/v2\/pages\/1771\/revisions\/2171"}],"wp:attachment":[{"href":"https:\/\/ateliersdelporte.com\/index.php\/wp-json\/wp\/v2\/media?parent=1771"}],"curies":[{"name":"wp","href":"https:\/\/api.w.org\/{rel}","templated":true}]}}