{"id":1929,"date":"2024-01-11T12:59:56","date_gmt":"2024-01-11T11:59:56","guid":{"rendered":"https:\/\/ateliersdelporte.com\/?page_id=1929"},"modified":"2026-04-13T21:40:36","modified_gmt":"2026-04-13T19:40:36","slug":"secteurs-dactivites","status":"publish","type":"page","link":"https:\/\/ateliersdelporte.com\/index.php\/secteurs-dactivites\/","title":{"rendered":"Secteurs d&rsquo;activit\u00e9s"},"content":{"rendered":"\t\t<div data-elementor-type=\"wp-page\" data-elementor-id=\"1929\" class=\"elementor elementor-1929\">\n\t\t\t\t\t\t<section class=\"elementor-section elementor-top-section elementor-element elementor-element-d21a3a6 elementor-section-full_width page-title elementor-section-height-default elementor-section-height-default\" data-id=\"d21a3a6\" data-element_type=\"section\" data-settings=\"{&quot;background_background&quot;:&quot;classic&quot;}\">\n\t\t\t\t\t\t<div class=\"elementor-container elementor-column-gap-no\">\n\t\t\t\t\t<div class=\"elementor-column elementor-col-100 elementor-top-column elementor-element elementor-element-9b2baa4\" data-id=\"9b2baa4\" data-element_type=\"column\">\n\t\t\t<div class=\"elementor-widget-wrap elementor-element-populated\">\n\t\t\t\t\t\t<div class=\"elementor-element elementor-element-d94a15b elementor-widget elementor-widget-heading\" data-id=\"d94a15b\" data-element_type=\"widget\" data-widget_type=\"heading.default\">\n\t\t\t\t<div class=\"elementor-widget-container\">\n\t\t\t\t\t<h1 class=\"elementor-heading-title elementor-size-default\">Secteurs d\u2019activit\u00e9s<\/h1>\t\t\t\t<\/div>\n\t\t\t\t<\/div>\n\t\t\t\t\t<\/div>\n\t\t<\/div>\n\t\t\t\t\t<\/div>\n\t\t<\/section>\n\t\t\t\t<section class=\"elementor-section elementor-top-section elementor-element elementor-element-a811bbe elementor-section-full_width elementor-section-height-default elementor-section-height-default\" data-id=\"a811bbe\" data-element_type=\"section\" data-settings=\"{&quot;background_background&quot;:&quot;classic&quot;}\">\n\t\t\t\t\t\t<div class=\"elementor-container elementor-column-gap-no\">\n\t\t\t\t\t<div class=\"elementor-column elementor-col-100 elementor-top-column elementor-element elementor-element-858e367\" data-id=\"858e367\" data-element_type=\"column\">\n\t\t\t<div class=\"elementor-widget-wrap elementor-element-populated\">\n\t\t\t\t\t\t<div class=\"elementor-element elementor-element-82885b5 elementor-widget elementor-widget-hos-srv5\" data-id=\"82885b5\" data-element_type=\"widget\" data-widget_type=\"hos-srv5.default\">\n\t\t\t\t<div class=\"elementor-widget-container\">\n\t\t\t\t\t\r\n<section class=\"services-five\">\r\n\t\t<div class=\"auto-container\">\r\n\t\t\t<div class=\"sec-title-two centered\">\r\n\t\t\t\t<div class=\"sec-title-two_title\">Ateliers Delporte<\/div>\r\n\t\t\t\t<h2 class=\"sec-title-two_heading\">Nos r\u00e9alisations dans divers secteurs d\u2019activit\u00e9<\/h2>\r\n\t\t\t\t<div class=\"sec-title-two_text\">Chez Les Ateliers Delporte, notre expertise en m\u00e9canique de pr\u00e9cision s'\u00e9tend \u00e0 une gamme diversifi\u00e9e de secteurs industriels. <br>Forts de d\u00e9cennies d'exp\u00e9rience, nous sommes fiers de notre capacit\u00e9 \u00e0 fournir des solutions m\u00e9caniques innovantes et fiables <br>pour r\u00e9pondre aux d\u00e9fis sp\u00e9cifiques de chaque domaine.<\/div>\r\n\t\t\t<\/div>\r\n\t\t\t<div class=\"three-item-carousel owl-carousel owl-theme\">\r\n\t\t\t\t\r\n\t\t\t\t<!-- Service Six -->\r\n\t\t\t\t\r\n\t\t\t\t<div class=\"service-block_six\">\r\n\t\t\t\t\t<div class=\"service-six_inner\">\r\n\t\t\t\t\t\t<div class=\"service-six_image\">\r\n\t\t\t\t\t\t\t<a href=\"https:\/\/ateliersdelporte.com\/index.php\/contact\"><img decoding=\"async\" src=\"https:\/\/ateliersdelporte.com\/wp-content\/uploads\/2024\/01\/siderurgie.jpg\" alt=\"\" \/><\/a>\r\n\t\t\t\t\t\t<\/div>\r\n\t\t\t\t\t\t<div class=\"service-six_lower-content\">\r\n\t\t\t\t\t\t\t<span class=\"service-six_icon\">\r\n\t\t\t\t\t\t\t\t<img decoding=\"async\" src=\"https:\/\/ateliersdelporte.com\/wp-content\/uploads\/2024\/01\/icone.png\" alt=\"\" \/>\r\n\t\t\t\t\t\t\t<\/span>\r\n\t\t\t\t\t\t\t<h5 class=\"service-six_title\"><a href=\"https:\/\/ateliersdelporte.com\/index.php\/contact\">Industrie sid\u00e9rurgique, cimenterie, sucrerie<\/a><\/h5>\r\n\t\t\t\t\t\t\t<div class=\"service-six_text\">Nos comp\u00e9tences en m\u00e9canique de pr\u00e9cision sont mises \u00e0 contribution pour r\u00e9pondre aux exigences uniques de l'industrie sid\u00e9rurgique, cimenti\u00e8re et sucri\u00e8re. Des solutions robustes et pr\u00e9cises pour soutenir votre production.<\/div>\r\n\t\t\t\t\t\t\t<a class=\"service-six_read-more\" href=\"https:\/\/ateliersdelporte.com\/index.php\/contact\">read more<\/a>\r\n\t\t\t\t\t\t<\/div>\r\n\t\t\t\t\t<\/div>\r\n\t\t\t\t<\/div>\t\t\t\r\n\t\t\t\r\n\t\t\t\t<div class=\"service-block_six\">\r\n\t\t\t\t\t<div class=\"service-six_inner\">\r\n\t\t\t\t\t\t<div class=\"service-six_image\">\r\n\t\t\t\t\t\t\t<a href=\"https:\/\/ateliersdelporte.com\/index.php\/contact\"><img decoding=\"async\" src=\"https:\/\/ateliersdelporte.com\/wp-content\/uploads\/2024\/01\/logistique.jpg\" alt=\"\" \/><\/a>\r\n\t\t\t\t\t\t<\/div>\r\n\t\t\t\t\t\t<div class=\"service-six_lower-content\">\r\n\t\t\t\t\t\t\t<span class=\"service-six_icon\">\r\n\t\t\t\t\t\t\t\t<img decoding=\"async\" src=\"https:\/\/ateliersdelporte.com\/wp-content\/uploads\/2024\/01\/icone.png\" alt=\"\" \/>\r\n\t\t\t\t\t\t\t<\/span>\r\n\t\t\t\t\t\t\t<h5 class=\"service-six_title\"><a href=\"https:\/\/ateliersdelporte.com\/index.php\/contact\">Logistique, Manutention, Transports<\/a><\/h5>\r\n\t\t\t\t\t\t\t<div class=\"service-six_text\">Optimisez vos op\u00e9rations logistiques avec nos composants m\u00e9caniques adapt\u00e9s \u00e0 la manutention et au transport. Des solutions efficaces pour assurer le bon fonctionnement de votre cha\u00eene logistique.<\/div>\r\n\t\t\t\t\t\t\t<a class=\"service-six_read-more\" href=\"https:\/\/ateliersdelporte.com\/index.php\/contact\">read more<\/a>\r\n\t\t\t\t\t\t<\/div>\r\n\t\t\t\t\t<\/div>\r\n\t\t\t\t<\/div>\t\t\t\r\n\t\t\t\r\n\t\t\t\t<div class=\"service-block_six\">\r\n\t\t\t\t\t<div class=\"service-six_inner\">\r\n\t\t\t\t\t\t<div class=\"service-six_image\">\r\n\t\t\t\t\t\t\t<a href=\"https:\/\/ateliersdelporte.com\/index.php\/contact\"><img decoding=\"async\" src=\"https:\/\/ateliersdelporte.com\/wp-content\/uploads\/2024\/01\/automobile.jpg\" alt=\"\" \/><\/a>\r\n\t\t\t\t\t\t<\/div>\r\n\t\t\t\t\t\t<div class=\"service-six_lower-content\">\r\n\t\t\t\t\t\t\t<span class=\"service-six_icon\">\r\n\t\t\t\t\t\t\t\t<img decoding=\"async\" src=\"https:\/\/ateliersdelporte.com\/wp-content\/uploads\/2024\/01\/icone.png\" alt=\"\" \/>\r\n\t\t\t\t\t\t\t<\/span>\r\n\t\t\t\t\t\t\t<h5 class=\"service-six_title\"><a href=\"https:\/\/ateliersdelporte.com\/index.php\/contact\">Industrie automobile<\/a><\/h5>\r\n\t\t\t\t\t\t\t<div class=\"service-six_text\">De la fabrication de pi\u00e8ces \u00e0 des r\u00e9parations sp\u00e9cialis\u00e9es, nos services de m\u00e9canique de pr\u00e9cision sont parfaitement adapt\u00e9s aux normes strictes de l'industrie automobile. Faites confiance \u00e0 notre savoir-faire technique.<\/div>\r\n\t\t\t\t\t\t\t<a class=\"service-six_read-more\" href=\"https:\/\/ateliersdelporte.com\/index.php\/contact\">read more<\/a>\r\n\t\t\t\t\t\t<\/div>\r\n\t\t\t\t\t<\/div>\r\n\t\t\t\t<\/div>\t\t\t\r\n\t\t\t\r\n\t\t\t\t<div class=\"service-block_six\">\r\n\t\t\t\t\t<div class=\"service-six_inner\">\r\n\t\t\t\t\t\t<div class=\"service-six_image\">\r\n\t\t\t\t\t\t\t<a href=\"https:\/\/ateliersdelporte.com\/index.php\/contact\"><img decoding=\"async\" src=\"https:\/\/ateliersdelporte.com\/wp-content\/uploads\/2024\/01\/chimie.jpg\" alt=\"\" \/><\/a>\r\n\t\t\t\t\t\t<\/div>\r\n\t\t\t\t\t\t<div class=\"service-six_lower-content\">\r\n\t\t\t\t\t\t\t<span class=\"service-six_icon\">\r\n\t\t\t\t\t\t\t\t<img decoding=\"async\" src=\"https:\/\/ateliersdelporte.com\/wp-content\/uploads\/2024\/01\/icone.png\" alt=\"\" \/>\r\n\t\t\t\t\t\t\t<\/span>\r\n\t\t\t\t\t\t\t<h5 class=\"service-six_title\"><a href=\"https:\/\/ateliersdelporte.com\/index.php\/contact\">Industrie chimique, Pharmaceutique, Hospitali\u00e8re et nucl\u00e9aire<\/a><\/h5>\r\n\t\t\t\t\t\t\t<div class=\"service-six_text\">Pour les secteurs sensibles, nos services r\u00e9pondent aux normes les plus strictes en mati\u00e8re de m\u00e9canique de pr\u00e9cision. Garantissez la s\u00e9curit\u00e9 et la fiabilit\u00e9 de vos op\u00e9rations.<\/div>\r\n\t\t\t\t\t\t\t<a class=\"service-six_read-more\" href=\"https:\/\/ateliersdelporte.com\/index.php\/contact\">read more<\/a>\r\n\t\t\t\t\t\t<\/div>\r\n\t\t\t\t\t<\/div>\r\n\t\t\t\t<\/div>\t\t\t\r\n\t\t\t\r\n\t\t\t\t<div class=\"service-block_six\">\r\n\t\t\t\t\t<div class=\"service-six_inner\">\r\n\t\t\t\t\t\t<div class=\"service-six_image\">\r\n\t\t\t\t\t\t\t<a href=\"https:\/\/ateliersdelporte.com\/index.php\/contact\"><img decoding=\"async\" src=\"https:\/\/ateliersdelporte.com\/wp-content\/uploads\/2024\/01\/pelle.jpg\" alt=\"\" \/><\/a>\r\n\t\t\t\t\t\t<\/div>\r\n\t\t\t\t\t\t<div class=\"service-six_lower-content\">\r\n\t\t\t\t\t\t\t<span class=\"service-six_icon\">\r\n\t\t\t\t\t\t\t\t<img decoding=\"async\" src=\"https:\/\/ateliersdelporte.com\/wp-content\/uploads\/2024\/01\/icone.png\" alt=\"\" \/>\r\n\t\t\t\t\t\t\t<\/span>\r\n\t\t\t\t\t\t\t<h5 class=\"service-six_title\"><a href=\"https:\/\/ateliersdelporte.com\/index.php\/contact\">Travaux publics, Mat\u00e9riel agricole<\/a><\/h5>\r\n\t\t\t\t\t\t\t<div class=\"service-six_text\">Contribuez au d\u00e9veloppement local avec nos comp\u00e9tences en m\u00e9canique appliqu\u00e9es aux travaux publics et au mat\u00e9riel agricole. Des solutions adapt\u00e9es pour soutenir la croissance de votre r\u00e9gion.<\/div>\r\n\t\t\t\t\t\t\t<a class=\"service-six_read-more\" href=\"https:\/\/ateliersdelporte.com\/index.php\/contact\">read more<\/a>\r\n\t\t\t\t\t\t<\/div>\r\n\t\t\t\t\t<\/div>\r\n\t\t\t\t<\/div>\t\t\t\r\n\t\t\t\t\t\t\r\n\t\t\t<\/div>\r\n\t\t\t\r\n\t\t\t<div class=\"about-two_lower-box text-center clearfix\">\r\n\t\t\t\t<div class=\"services-four_lower-text\">Les Ateliers Delporte sont bien plus qu'un fournisseur de services de m\u00e9canique de pr\u00e9cision. Nous sommes votre partenaire de confiance pour des solutions m\u00e9caniques innovantes et fiables. Faites confiance \u00e0 notre exp\u00e9rience pour mener votre projet vers le succ\u00e8s.<\/div>\r\n\t\t\t\t<a class=\"btn-style-five theme-btn btn-item\" href=\"https:\/\/ateliersdelporte.com\/index.php\/contact\" target=\"\">\r\n\t\t\t\t\t<div class=\"btn-wrap\">\r\n\t\t\t\t\t\t<span class=\"text-one\">En savoir plus<\/span>\r\n\t\t\t\t\t\t<span class=\"text-two\">En savoir plus<\/span>\r\n\t\t\t\t\t<\/div>\r\n\t\t\t\t\t<i class=\"arrow fa-solid fa-arrow-right fa-fw\"><\/i>\r\n\t\t\t\t<\/a>\r\n\t\t\t<\/div>\r\n\t\t\t\r\n\t\t<\/div>\r\n\t<\/section>\r\n\r\n    \t\t\t\t<\/div>\n\t\t\t\t<\/div>\n\t\t\t\t\t<\/div>\n\t\t<\/div>\n\t\t\t\t\t<\/div>\n\t\t<\/section>\n\t\t\t\t<section class=\"elementor-section elementor-top-section elementor-element elementor-element-ce71f53 elementor-section-full_width elementor-section-height-default elementor-section-height-default\" data-id=\"ce71f53\" data-element_type=\"section\">\n\t\t\t\t\t\t<div class=\"elementor-container elementor-column-gap-no\">\n\t\t\t\t\t<div class=\"elementor-column elementor-col-100 elementor-top-column elementor-element elementor-element-8520da5\" data-id=\"8520da5\" data-element_type=\"column\">\n\t\t\t<div class=\"elementor-widget-wrap elementor-element-populated\">\n\t\t\t\t\t\t<div class=\"elementor-element elementor-element-e59a775 elementor-widget elementor-widget-hos-testimonial-quote-id\" data-id=\"e59a775\" data-element_type=\"widget\" data-widget_type=\"hos-testimonial-quote-id.default\">\n\t\t\t\t<div class=\"elementor-widget-container\">\n\t\t\t\t\t    <section class=\"testimonial-section-two\">\r\n        \t\t    <div class=\"image-layer\" style=\"background-image:url(https:\/\/ateliersdelporte.com\/wp-content\/uploads\/2024\/02\/ateliersdelporte.jpg)\"><\/div>\r\n        \t\t<div class=\"auto-container\">\r\n\t\t\t<!-- Sec Title -->\r\n\t\t\t<div class=\"sec-title\">\r\n                \t\t\t\t    <div class=\"big-title title-anim\">T\u00e9moignages<\/div>\r\n                                \t\t\t\t    <h2 class=\"title-anim\">Avis <span>clients<\/span><\/h2>\r\n                                \t\t\t\t    <div class=\"arrow title-anim\"><img decoding=\"async\" src=\"https:\/\/themexriver.com\/wp\/constim\/wp-content\/uploads\/2022\/12\/arrow-down.png\" alt=\"\" \/><\/div>\r\n                \t\t\t<\/div>\r\n\t\t\t<div class=\"row clearfix\">\r\n\t\t\t\t\r\n\t\t\t\t<!-- Carousel Column -->\r\n\t\t\t\t<div class=\"carousel-column col-lg-6 col-md-12 col-sm-12\">\r\n\t\t\t\t\t<div class=\"inner-column\">\r\n\t\t\t\t\t\t<div class=\"single-item-carousel owl-carousel owl-theme\">\r\n\t\t\t\t\t\t\t\r\n\t\t\t\t\t\t\t\r\n\t\t\t\t\t\t\t<!-- Testimonial Block Two -->\r\n                            \t\t\t\t\t\t\t<div class=\"testimonial-block-two\">\r\n\t\t\t\t\t\t\t\t<div class=\"inner-box\">\r\n\t\t\t\t\t\t\t\t\t<!-- Upper Box -->\r\n\t\t\t\t\t\t\t\t\t<div class=\"upper-box\">\r\n\t\t\t\t\t\t\t\t\t\t<div class=\"d-flex justify-content-between align-items-center flex-wrap\">\r\n\t\t\t\t\t\t\t\t\t\t\t<div class=\"title\"><\/div>\r\n\t\t\t\t\t\t\t\t\t\t\t<div class=\"rating\">\r\n                                                \t\t\t\t\t\t\t\t\t\t\t<\/div>\r\n\t\t\t\t\t\t\t\t\t\t<\/div>\r\n                                        \t\t\t\t\t\t\t\t\t\t    <div class=\"text\">Si vous recherchez la perfection en atelier de m\u00e9canique il n'y a pas mieux\n<\/div>\r\n                                        \t\t\t\t\t\t\t\t\t\t<div class=\"d-flex justify-content-between align-items-center flex-wrap\">\r\n                                                                                        \t\t\t\t\t\t\t\t\t\t<\/div>\r\n\t\t\t\t\t\t\t\t\t<\/div>\r\n\t\t\t\t\t\t\t\t\t<!-- Lower Box -->\r\n\t\t\t\t\t\t\t\t\t<div class=\"lower-box\">\r\n\t\t\t\t\t\t\t\t\t\t<!-- Author Box -->\r\n\t\t\t\t\t\t\t\t\t\t<div class=\"author-box\">\r\n\t\t\t\t\t\t\t\t\t\t\t<div class=\"box-inner\">\r\n                                                \t\t\t\t\t\t\t\t\t\t\t\t<span class=\"author-image\">\r\n\t\t\t\t\t\t\t\t\t\t\t\t\t<img decoding=\"async\" src=\"https:\/\/ateliersdelporte.com\/wp-content\/uploads\/2024\/01\/gl.png\" alt=\"\" \/>\r\n\t\t\t\t\t\t\t\t\t\t\t\t<\/span>\r\n                                                \t\t\t\t\t\t\t\t\t\t\t\t<strong>Raoul casterman<\/strong>\r\n\t\t\t\t\t\t\t\t\t\t\t\t\t\t\t\t\t\t\t\t\t\t\t<\/div>\r\n\t\t\t\t\t\t\t\t\t\t<\/div>\r\n\t\t\t\t\t\t\t\t\t<\/div>\r\n\t\t\t\t\t\t\t\t<\/div>\r\n\t\t\t\t\t\t\t<\/div>\r\n\t\t\t\t\t\t\t\t\t\t\t\t\t\t<div class=\"testimonial-block-two\">\r\n\t\t\t\t\t\t\t\t<div class=\"inner-box\">\r\n\t\t\t\t\t\t\t\t\t<!-- Upper Box -->\r\n\t\t\t\t\t\t\t\t\t<div class=\"upper-box\">\r\n\t\t\t\t\t\t\t\t\t\t<div class=\"d-flex justify-content-between align-items-center flex-wrap\">\r\n\t\t\t\t\t\t\t\t\t\t\t<div class=\"title\"><\/div>\r\n\t\t\t\t\t\t\t\t\t\t\t<div class=\"rating\">\r\n                                                \t\t\t\t\t\t\t\t\t\t\t<\/div>\r\n\t\t\t\t\t\t\t\t\t\t<\/div>\r\n                                        \t\t\t\t\t\t\t\t\t\t    <div class=\"text\">Personnel hautement qualifi\u00e9 en travaux de m\u00e9taux<\/div>\r\n                                        \t\t\t\t\t\t\t\t\t\t<div class=\"d-flex justify-content-between align-items-center flex-wrap\">\r\n                                                                                        \t\t\t\t\t\t\t\t\t\t<\/div>\r\n\t\t\t\t\t\t\t\t\t<\/div>\r\n\t\t\t\t\t\t\t\t\t<!-- Lower Box -->\r\n\t\t\t\t\t\t\t\t\t<div class=\"lower-box\">\r\n\t\t\t\t\t\t\t\t\t\t<!-- Author Box -->\r\n\t\t\t\t\t\t\t\t\t\t<div class=\"author-box\">\r\n\t\t\t\t\t\t\t\t\t\t\t<div class=\"box-inner\">\r\n                                                \t\t\t\t\t\t\t\t\t\t\t\t<span class=\"author-image\">\r\n\t\t\t\t\t\t\t\t\t\t\t\t\t<img decoding=\"async\" src=\"https:\/\/ateliersdelporte.com\/wp-content\/uploads\/2024\/01\/gl.png\" alt=\"\" \/>\r\n\t\t\t\t\t\t\t\t\t\t\t\t<\/span>\r\n                                                \t\t\t\t\t\t\t\t\t\t\t\t<strong>Paul Goossens<\/strong>\r\n\t\t\t\t\t\t\t\t\t\t\t\t\t\t\t\t\t\t\t\t\t\t\t<\/div>\r\n\t\t\t\t\t\t\t\t\t\t<\/div>\r\n\t\t\t\t\t\t\t\t\t<\/div>\r\n\t\t\t\t\t\t\t\t<\/div>\r\n\t\t\t\t\t\t\t<\/div>\r\n\t\t\t\t\t\t\t\t\t\t\t\t\t<\/div>\r\n\t\t\t\t\t<\/div>\r\n\t\t\t\t<\/div>\r\n\t\t\t\t\r\n\t\t\t\t<!-- Form Column -->\r\n\t\t\t\t<div class=\"form-column col-lg-6 col-md-12 col-sm-12\">\r\n\t\t\t\t\t<div class=\"inner-column\">\r\n\t\t\t\t\t\t\r\n\t\t\t\t\t\t<!-- Title Box -->\r\n                                                    <div class=\"title-box\">\r\n                                <h1>Contactez-<span>nous<\/span><\/h1>\r\n                            <\/div>\r\n\t\t\t\t\t\t\t\t\t\t\t\t<!-- Solution Form -->\r\n                        \t\t\t\t\t\t<div class=\"solution-form\">\r\n\t\t\t\t\t\t\t\n<div class=\"wpcf7 no-js\" id=\"wpcf7-f161-o1\" lang=\"en-US\" dir=\"ltr\">\n<div class=\"screen-reader-response\"><p role=\"status\" aria-live=\"polite\" aria-atomic=\"true\"><\/p> <ul><\/ul><\/div>\n<form action=\"\/index.php\/wp-json\/wp\/v2\/pages\/1929#wpcf7-f161-o1\" method=\"post\" class=\"wpcf7-form init\" aria-label=\"Contact form\" novalidate=\"novalidate\" data-status=\"init\">\n<div style=\"display: none;\">\n<input type=\"hidden\" name=\"_wpcf7\" value=\"161\" \/>\n<input type=\"hidden\" name=\"_wpcf7_version\" value=\"5.9.6\" \/>\n<input type=\"hidden\" name=\"_wpcf7_locale\" value=\"en_US\" \/>\n<input type=\"hidden\" name=\"_wpcf7_unit_tag\" value=\"wpcf7-f161-o1\" \/>\n<input type=\"hidden\" name=\"_wpcf7_container_post\" value=\"0\" \/>\n<input type=\"hidden\" name=\"_wpcf7_posted_data_hash\" value=\"\" \/>\n<input type=\"hidden\" name=\"_wpcf7_recaptcha_response\" value=\"\" \/>\n<\/div>\n<div class=\"form-group\">\n\t<p><span class=\"wpcf7-form-control-wrap\" data-name=\"qt-name-711\"><input size=\"40\" maxlength=\"80\" class=\"wpcf7-form-control wpcf7-text wpcf7-validates-as-required\" aria-required=\"true\" aria-invalid=\"false\" placeholder=\"Nom &amp; pr\u00e9nom\" value=\"\" type=\"text\" name=\"qt-name-711\" \/><\/span><br \/>\n<span class=\"wpcf7-form-control-wrap\" data-name=\"qt-email-357\"><input size=\"40\" maxlength=\"80\" class=\"wpcf7-form-control wpcf7-email wpcf7-validates-as-required wpcf7-text wpcf7-validates-as-email\" aria-required=\"true\" aria-invalid=\"false\" placeholder=\"Email\" value=\"\" type=\"email\" name=\"qt-email-357\" \/><\/span><br \/>\n<span class=\"wpcf7-form-control-wrap\" data-name=\"qt-tel-357\"><input size=\"40\" maxlength=\"80\" class=\"wpcf7-form-control wpcf7-tel wpcf7-validates-as-required wpcf7-text wpcf7-validates-as-tel\" aria-required=\"true\" aria-invalid=\"false\" placeholder=\"T\u00e9l\u00e9phone\" value=\"\" type=\"tel\" name=\"qt-tel-357\" \/><\/span>\n\t<\/p>\n<\/div>\n<div class=\"form-group\">\n\t<p><span class=\"wpcf7-form-control-wrap\" data-name=\"qt-sujet-357\"><input size=\"40\" maxlength=\"80\" class=\"wpcf7-form-control wpcf7-text wpcf7-validates-as-required\" aria-required=\"true\" aria-invalid=\"false\" placeholder=\"Sujet\" value=\"\" type=\"text\" name=\"qt-sujet-357\" \/><\/span>\n\t<\/p>\n<\/div>\n<div class=\"form-group\">\n\t<p><span class=\"wpcf7-form-control-wrap\" data-name=\"qt-msg-540\"><textarea cols=\"40\" rows=\"10\" maxlength=\"400\" class=\"wpcf7-form-control wpcf7-textarea wpcf7-validates-as-required\" aria-required=\"true\" aria-invalid=\"false\" placeholder=\"Message\" name=\"qt-msg-540\"><\/textarea><\/span>\n\t<\/p>\n<\/div>\n<div class=\"form-group\">\n\t<!-- Button Box -->\n\t<div class=\"button-box\">\n\t\t<p><button class=\"theme-btn btn-style-two\"><span class=\"btn-wrap\"><span class=\"text-one\">Envoyer <\/span><span class=\"text-two\">Envoyer<\/span><\/span><\/button>\n\t\t<\/p>\n\t<\/div>\n<\/div><div class=\"wpcf7-response-output\" aria-hidden=\"true\"><\/div>\n<\/form>\n<\/div>\n\t\t\t\t\t\t<\/div>\r\n                        \t\t\t\t\t\t<!-- End Default Form -->\r\n\t\t\t\t\t\t\r\n\t\t\t\t\t<\/div>\r\n\t\t\t\t<\/div>\r\n\t\t\t\t\r\n\t\t\t<\/div>\r\n\t\t<\/div>\r\n\t<\/section>\r\n    \t\t\t\t<\/div>\n\t\t\t\t<\/div>\n\t\t\t\t\t<\/div>\n\t\t<\/div>\n\t\t\t\t\t<\/div>\n\t\t<\/section>\n\t\t\t\t<\/div>\n\t\t","protected":false},"excerpt":{"rendered":"<p>Secteurs d\u2019activit\u00e9s Ateliers Delporte Nos r\u00e9alisations dans divers secteurs d\u2019activit\u00e9 Chez Les Ateliers Delporte, notre expertise en m\u00e9canique de pr\u00e9cision s&rsquo;\u00e9tend \u00e0 une gamme diversifi\u00e9e de secteurs industriels. Forts de d\u00e9cennies d&rsquo;exp\u00e9rience, nous sommes fiers de notre capacit\u00e9 \u00e0 fournir des solutions m\u00e9caniques innovantes et fiables pour r\u00e9pondre aux d\u00e9fis sp\u00e9cifiques de chaque domaine. Industrie [&hellip;]<\/p>\n","protected":false},"author":2,"featured_media":0,"parent":0,"menu_order":0,"comment_status":"closed","ping_status":"closed","template":"constim-template.php","meta":{"inline_featured_image":false,"footnotes":""},"_links":{"self":[{"href":"https:\/\/ateliersdelporte.com\/index.php\/wp-json\/wp\/v2\/pages\/1929"}],"collection":[{"href":"https:\/\/ateliersdelporte.com\/index.php\/wp-json\/wp\/v2\/pages"}],"about":[{"href":"https:\/\/ateliersdelporte.com\/index.php\/wp-json\/wp\/v2\/types\/page"}],"author":[{"embeddable":true,"href":"https:\/\/ateliersdelporte.com\/index.php\/wp-json\/wp\/v2\/users\/2"}],"replies":[{"embeddable":true,"href":"https:\/\/ateliersdelporte.com\/index.php\/wp-json\/wp\/v2\/comments?post=1929"}],"version-history":[{"count":22,"href":"https:\/\/ateliersdelporte.com\/index.php\/wp-json\/wp\/v2\/pages\/1929\/revisions"}],"predecessor-version":[{"id":2080,"href":"https:\/\/ateliersdelporte.com\/index.php\/wp-json\/wp\/v2\/pages\/1929\/revisions\/2080"}],"wp:attachment":[{"href":"https:\/\/ateliersdelporte.com\/index.php\/wp-json\/wp\/v2\/media?parent=1929"}],"curies":[{"name":"wp","href":"https:\/\/api.w.org\/{rel}","templated":true}]}}